{"id":1816,"date":"2022-04-07T14:33:48","date_gmt":"2022-04-07T13:33:48","guid":{"rendered":"https:\/\/www.clinicapoconovo.pt\/a-clinica\/"},"modified":"2025-11-05T10:46:26","modified_gmt":"2025-11-05T10:46:26","slug":"the-clinic","status":"publish","type":"page","link":"https:\/\/www.clinicapoconovo.pt\/en\/the-clinic\/","title":{"rendered":"The Clinic"},"content":{"rendered":"<div class=\"wpb-content-wrapper\"><p>[vc_row css_animation=&#8221;&#8221; row_type=&#8221;row&#8221; use_row_as_full_screen_section=&#8221;no&#8221; type=&#8221;full_width&#8221; angled_section=&#8221;no&#8221; text_align=&#8221;left&#8221; background_image_as_pattern=&#8221;without_pattern&#8221;][vc_column offset=&#8221;vc_hidden-xs&#8221;][vc_single_image image=&#8221;1715&#8243; img_size=&#8221;full&#8221; qode_css_animation=&#8221;&#8221;][\/vc_column][\/vc_row][vc_row css_animation=&#8221;&#8221; row_type=&#8221;row&#8221; use_row_as_full_screen_section=&#8221;no&#8221; type=&#8221;full_width&#8221; angled_section=&#8221;no&#8221; text_align=&#8221;left&#8221; background_image_as_pattern=&#8221;without_pattern&#8221;][vc_column offset=&#8221;vc_hidden-lg vc_hidden-md vc_hidden-sm&#8221;][vc_single_image image=&#8221;1716&#8243; img_size=&#8221;full&#8221; qode_css_animation=&#8221;&#8221;][\/vc_column][\/vc_row][vc_row css_animation=&#8221;&#8221; row_type=&#8221;row&#8221; use_row_as_full_screen_section=&#8221;no&#8221; type=&#8221;grid&#8221; angled_section=&#8221;no&#8221; text_align=&#8221;left&#8221; background_image_as_pattern=&#8221;without_pattern&#8221; z_index=&#8221;&#8221;][vc_column css_animation=&#8221;slideInUp&#8221; width=&#8221;1\/2&#8243; css=&#8221;.vc_custom_1649842061479{margin-top: -80px !important;}&#8221;][qode_elements_holder number_of_columns=&#8221;one_column&#8221;][qode_elements_holder_item advanced_animations=&#8221;no&#8221; background_color=&#8221;#f7f9f9&#8243; item_padding=&#8221;20px 30px 30px 30px&#8221;][vc_column_text]About Us<\/p>\n<h1>The Clinic<\/h1>\n<p class=\"ws-lead\">The Po\u00e7o Novo Clinic was established in 1986 in the centre of the town of Cascais, inspired by a dream: <em>\u201cTo serve with quality, discipline and respect\u201d<\/em>.<\/p>\n<p>[\/vc_column_text][\/qode_elements_holder_item][\/qode_elements_holder][\/vc_column][vc_column width=&#8221;1\/2&#8243;][\/vc_column][\/vc_row][vc_row css_animation=&#8221;&#8221; row_type=&#8221;row&#8221; use_row_as_full_screen_section=&#8221;no&#8221; type=&#8221;full_width&#8221; angled_section=&#8221;no&#8221; text_align=&#8221;left&#8221; background_image_as_pattern=&#8221;without_pattern&#8221; z_index=&#8221;&#8221; padding_top=&#8221;40&#8243; padding_bottom=&#8221;30&#8243;][vc_column css_animation=&#8221;slideInUp&#8221; width=&#8221;1\/2&#8243;][qode_elements_holder number_of_columns=&#8221;one_column&#8221;][qode_elements_holder_item advanced_animations=&#8221;no&#8221; item_padding=&#8221;50px 10px 0 12%&#8221; item_padding_600_768=&#8221;20px 9% 60px 9%&#8221; item_padding_480_600=&#8221;20px 9% 60px 9%&#8221; item_padding_480=&#8221;20px 9% 60px 9%&#8221;][vc_column_text]This dream has guided us throughout the years leading us to where we are today. In 2000 this gave rise to the ICS &#8211; Science and Health Institute when we moved to Avenida de Sintra. A leading Oral Health unit, already recognised with numerous awards for excellence.<\/p>\n<p>As the &#8220;dreaming founder&#8221; of this unit, it is my duty to thank all those who have trusted us over these years: doctors, staff, collaborators and patients.<\/p>\n<p>Let&#8217;s dream together[\/vc_column_text][vc_empty_space height=&#8221;20px&#8221;][vc_column_text]<\/p>\n<p class=\"ws-h2\">Carlos Santos<\/p>\n<p><b>Diretor do ICS<\/b>[\/vc_column_text][vc_empty_space height=&#8221;25px&#8221;][vc_column_text]<b style=\"color: #303030;\">ICS \u2013 Servi\u00e7os M\u00e9dicos Lda<\/b><\/p>\n<p><span style=\"color: #303030;\">Entity&#8217;s ERS registration number:<\/span> E111979<br \/>\n<span style=\"color: #303030;\">ERS registration number(s):<\/span> 17931<br \/>\n<span style=\"color: #303030;\">Taxpayer identification number:<\/span> 507 663 640<br \/>\n<span style=\"color: #303030;\">Operating license number:<\/span> 7\/2010<br \/>\n<span style=\"color: #303030;\">Address or geographic location:<\/span> Avenida de Sintra, 1113 A\/B, 2750-496 Cascais<br \/>\n<span style=\"color: #303030;\">Professional license number and qualifications:<\/span> Dr. Carlos Silva Santos, M\u00e9dico Estomatologista e o n\u00famero de c\u00e9dula \u00e9 o 25391[\/vc_column_text][\/qode_elements_holder_item][\/qode_elements_holder][\/vc_column][vc_column css_animation=&#8221;slideInUp&#8221; width=&#8221;1\/2&#8243;][qode_content_slider auto_rotate=&#8221;5&#8243;][qode_content_slider_item][vc_single_image image=&#8221;1799&#8243; img_size=&#8221;full&#8221; qode_css_animation=&#8221;&#8221;][\/qode_content_slider_item][qode_content_slider_item][vc_single_image image=&#8221;1800&#8243; img_size=&#8221;full&#8221; qode_css_animation=&#8221;&#8221;][\/qode_content_slider_item][\/qode_content_slider][\/vc_column][\/vc_row][vc_row css_animation=&#8221;&#8221; row_type=&#8221;row&#8221; use_row_as_full_screen_section=&#8221;no&#8221; type=&#8221;grid&#8221; angled_section=&#8221;no&#8221; text_align=&#8221;left&#8221; background_image_as_pattern=&#8221;without_pattern&#8221; z_index=&#8221;&#8221; padding_top=&#8221;40&#8243; padding_bottom=&#8221;70&#8243; el_id=&#8221;solidariedade-social&#8221;][vc_column css_animation=&#8221;slideInUp&#8221;][vc_column_text]<span class=\"ws-title-bar\">Social Solidarity<\/span><\/p>\n<p class=\"ws-h3\">Po\u00e7o Novo Clinic supports the following institutions Cercica and Crescer Ser.<\/p>\n<p>[\/vc_column_text][vc_empty_space height=&#8221;25px&#8221;][vc_column_text]<a href=\"https:\/\/crescerser.org\/\" target=\"_blank\" rel=\"noopener\"><img loading=\"lazy\" decoding=\"async\" class=\"alignnone size-full wp-image-665\" src=\"https:\/\/www.clinicapoconovo.pt\/wp-content\/uploads\/2022\/04\/solidariedade01.png\" alt=\"\" width=\"180\" height=\"140\" \/><\/a><a href=\"https:\/\/www.cercica.pt\/\" target=\"_blank\" rel=\"noopener\"><img loading=\"lazy\" decoding=\"async\" class=\"alignnone size-medium wp-image-666\" src=\"https:\/\/www.clinicapoconovo.pt\/wp-content\/uploads\/2022\/04\/solidariedade02.jpg\" alt=\"\" width=\"180\" height=\"140\" \/><\/a>[\/vc_column_text][\/vc_column][\/vc_row]<\/p>\n<\/div>","protected":false},"excerpt":{"rendered":"<p>[vc_row css_animation=&#8221;&#8221; row_type=&#8221;row&#8221; use_row_as_full_screen_section=&#8221;no&#8221; type=&#8221;full_width&#8221; angled_section=&#8221;no&#8221; text_align=&#8221;left&#8221; background_image_as_pattern=&#8221;without_pattern&#8221;][vc_column offset=&#8221;vc_hidden-xs&#8221;][vc_single_image image=&#8221;1715&#8243; img_size=&#8221;full&#8221; qode_css_animation=&#8221;&#8221;][\/vc_column][\/vc_row][vc_row css_animation=&#8221;&#8221; row_type=&#8221;row&#8221; use_row_as_full_screen_section=&#8221;no&#8221; type=&#8221;full_width&#8221; angled_section=&#8221;no&#8221; text_align=&#8221;left&#8221; background_image_as_pattern=&#8221;without_pattern&#8221;][vc_column offset=&#8221;vc_hidden-lg vc_hidden-md vc_hidden-sm&#8221;][vc_single_image image=&#8221;1716&#8243; img_size=&#8221;full&#8221; qode_css_animation=&#8221;&#8221;][\/vc_column][\/vc_row][vc_row css_animation=&#8221;&#8221; row_type=&#8221;row&#8221; use_row_as_full_screen_section=&#8221;no&#8221; type=&#8221;grid&#8221; angled_section=&#8221;no&#8221; text_align=&#8221;left&#8221; background_image_as_pattern=&#8221;without_pattern&#8221; z_index=&#8221;&#8221;][vc_column css_animation=&#8221;slideInUp&#8221; width=&#8221;1\/2&#8243; css=&#8221;.vc_custom_1649842061479{margin-top: -80px !important;}&#8221;][qode_elements_holder number_of_columns=&#8221;one_column&#8221;][qode_elements_holder_item advanced_animations=&#8221;no&#8221; background_color=&#8221;#f7f9f9&#8243; item_padding=&#8221;20px 30px 30px 30px&#8221;][vc_column_text]About&#8230;<\/p>\n","protected":false},"author":1,"featured_media":0,"parent":0,"menu_order":0,"comment_status":"closed","ping_status":"closed","template":"full_width.php","meta":{"inline_featured_image":false,"footnotes":""},"class_list":["post-1816","page","type-page","status-publish","hentry"],"aioseo_notices":[],"_links":{"self":[{"href":"https:\/\/www.clinicapoconovo.pt\/en\/wp-json\/wp\/v2\/pages\/1816","targetHints":{"allow":["GET"]}}],"collection":[{"href":"https:\/\/www.clinicapoconovo.pt\/en\/wp-json\/wp\/v2\/pages"}],"about":[{"href":"https:\/\/www.clinicapoconovo.pt\/en\/wp-json\/wp\/v2\/types\/page"}],"author":[{"embeddable":true,"href":"https:\/\/www.clinicapoconovo.pt\/en\/wp-json\/wp\/v2\/users\/1"}],"replies":[{"embeddable":true,"href":"https:\/\/www.clinicapoconovo.pt\/en\/wp-json\/wp\/v2\/comments?post=1816"}],"version-history":[{"count":5,"href":"https:\/\/www.clinicapoconovo.pt\/en\/wp-json\/wp\/v2\/pages\/1816\/revisions"}],"predecessor-version":[{"id":2316,"href":"https:\/\/www.clinicapoconovo.pt\/en\/wp-json\/wp\/v2\/pages\/1816\/revisions\/2316"}],"wp:attachment":[{"href":"https:\/\/www.clinicapoconovo.pt\/en\/wp-json\/wp\/v2\/media?parent=1816"}],"curies":[{"name":"wp","href":"https:\/\/api.w.org\/{rel}","templated":true}]}}